{"id":285,"date":"2025-12-08T17:24:25","date_gmt":"2025-12-08T17:24:25","guid":{"rendered":"https:\/\/forrealz.de\/?page_id=285"},"modified":"2025-12-08T17:54:49","modified_gmt":"2025-12-08T17:54:49","slug":"impressum","status":"publish","type":"page","link":"https:\/\/forrealz.de\/de\/impressum\/","title":{"rendered":"Impressum"},"content":{"rendered":"<div data-elementor-type=\"wp-page\" data-elementor-id=\"285\" class=\"elementor elementor-285\" data-elementor-post-type=\"page\">\n\t\t\t\t<div class=\"elementor-element elementor-element-e5da7f0 e-flex e-con-boxed e-con e-parent\" data-id=\"e5da7f0\" data-element_type=\"container\" data-e-type=\"container\">\n\t\t\t\t\t<div class=\"e-con-inner\">\n\t\t\t\t<div class=\"elementor-element elementor-element-97089f6 elementor-widget elementor-widget-text-editor\" data-id=\"97089f6\" data-element_type=\"widget\" data-e-type=\"widget\" data-widget_type=\"text-editor.default\">\n\t\t\t\t\t\t\t\t\t<section id=\"impressum\" style=\"font-family: Arial, sans-serif; max-width: 800px;\">\n<h1><strong style=\"font-size: 16px;\">Angaben gem\u00e4\u00df \u00a7 5 TMG<\/strong><\/h1>\n<p><strong>Manuel Rorarius<\/strong><br>Wilhelmshavener Str. 17<br>10551 Berlin<br>Deutschland<\/p>\n<p><strong>Kontakt<\/strong><br>E-Mail: info (at) forrealz.de<\/p>\n<p><strong>Umsatzsteuer-Identifikationsnummer gem\u00e4\u00df \u00a7 27 a Umsatzsteuergesetz:<\/strong><br>DE284801975<\/p>\n<p>Gem\u00e4\u00df \u00a7 19 UStG wird keine Umsatzsteuer ausgewiesen (Kleinunternehmerregelung).<\/p>\n<h2>Verantwortlich f\u00fcr den Inhalt nach \u00a7 55 Abs. 2 RStV<\/h2>\n<p><strong>Manuel Rorarius<\/strong><br>Wilhelmshavener Str. 17<br>10551 Berlin<br>Deutschland<\/p>\n<h2>Haftung f\u00fcr Inhalte<\/h2>\n<p>Als Diensteanbieter sind wir gem\u00e4\u00df \u00a7 7 Abs. 1 TMG f\u00fcr eigene Inhalte auf diesen Seiten nach den allgemeinen Gesetzen verantwortlich.<br>Nach \u00a7\u00a7 8 bis 10 TMG sind wir als Diensteanbieter jedoch nicht verpflichtet, \u00fcbermittelte oder gespeicherte fremde Informationen zu<br>\u00fcberwachen oder nach Umst\u00e4nden zu forschen, die auf eine rechtswidrige T\u00e4tigkeit hinweisen.<\/p>\n<p>Verpflichtungen zur Entfernung oder Sperrung der Nutzung von Informationen nach den allgemeinen Gesetzen bleiben hiervon unber\u00fchrt.<br>Eine diesbez\u00fcgliche Haftung ist jedoch erst ab dem Zeitpunkt der Kenntnis einer konkreten Rechtsverletzung m\u00f6glich. Bei Bekanntwerden<br>von entsprechenden Rechtsverletzungen werden wir diese Inhalte umgehend entfernen.<\/p>\n<h2>Haftung f\u00fcr Links<\/h2>\n<p>Unser Angebot kann Links zu externen Websites Dritter enthalten, auf deren Inhalte wir keinen Einfluss haben. Deshalb k\u00f6nnen wir f\u00fcr<br>diese fremden Inhalte auch keine Gew\u00e4hr \u00fcbernehmen. F\u00fcr die Inhalte der verlinkten Seiten ist stets der jeweilige Anbieter oder<br>Betreiber der Seiten verantwortlich. Die verlinkten Seiten wurden zum Zeitpunkt der Verlinkung auf m\u00f6gliche Rechtsverst\u00f6\u00dfe \u00fcberpr\u00fcft.<br>Rechtswidrige Inhalte waren zum Zeitpunkt der Verlinkung nicht erkennbar.<\/p>\n<p>Eine permanente inhaltliche Kontrolle der verlinkten Seiten ist jedoch ohne konkrete Anhaltspunkte einer Rechtsverletzung nicht<br>zumutbar. Bei Bekanntwerden von Rechtsverletzungen werden wir derartige Links umgehend entfernen.<\/p>\n<h2>Streitschlichtung \/ Verbraucherschlichtungsstelle<\/h2>\n<p>Die Europ\u00e4ische Kommission stellt eine Plattform zur Online-Streitbeilegung (OS) bereit:<br><a href=\"https:\/\/ec.europa.eu\/consumers\/odr\" target=\"_blank\" rel=\"noopener noreferrer\"><br>https:\/\/ec.europa.eu\/consumers\/odr<br><\/a>.<\/p>\n<p>Wir sind nicht verpflichtet und nicht bereit, an Streitbeilegungsverfahren vor einer Verbraucherschlichtungsstelle teilzunehmen.<\/p>\n<h2>Datenschutz<\/h2>\n<p>Informationen zum Datenschutz und zum Umgang mit personenbezogenen Daten im Zusammenhang mit der Nutzung unserer Website und<br>unserer Dienste entnehmen Sie bitte unserer separaten<br><a href=\"\/de\/datenschutz\/\" target=\"_self\">Datenschutzerkl\u00e4rung<\/a>.<\/p>\n<\/section>\t\t\t\t\t\t\t\t<\/div>\n\t\t\t\t\t<\/div>\n\t\t\t\t<\/div>\n\t\t\t\t<\/div>","protected":false},"excerpt":{"rendered":"<p>Angaben gem\u00e4\u00df \u00a7 5 TMG Manuel RorariusWilhelmshavener Str. 1710551 BerlinDeutschland KontaktE-Mail: info (at) forrealz.de Umsatzsteuer-Identifikationsnummer gem\u00e4\u00df \u00a7 27 a Umsatzsteuergesetz:DE284801975 Gem\u00e4\u00df \u00a7 19 UStG wird keine Umsatzsteuer ausgewiesen (Kleinunternehmerregelung). Verantwortlich f\u00fcr den Inhalt nach \u00a7 55 Abs. 2 RStV Manuel RorariusWilhelmshavener Str. 1710551 BerlinDeutschland Haftung f\u00fcr Inhalte Als Diensteanbieter sind wir gem\u00e4\u00df \u00a7 7 Abs. [&hellip;]<\/p>","protected":false},"author":1,"featured_media":0,"parent":0,"menu_order":0,"comment_status":"closed","ping_status":"closed","template":"","meta":{"footnotes":""},"class_list":["post-285","page","type-page","status-publish","hentry"],"rttpg_featured_image_url":null,"rttpg_author":{"display_name":"admin","author_link":"https:\/\/forrealz.de\/de\/author\/forrealz\/"},"rttpg_comment":0,"rttpg_category":null,"rttpg_excerpt":"Angaben gem\u00e4\u00df \u00a7 5 TMG Manuel RorariusWilhelmshavener Str. 1710551 BerlinDeutschland KontaktE-Mail: info (at) forrealz.de Umsatzsteuer-Identifikationsnummer gem\u00e4\u00df \u00a7 27 a Umsatzsteuergesetz:DE284801975 Gem\u00e4\u00df \u00a7 19 UStG wird keine Umsatzsteuer ausgewiesen (Kleinunternehmerregelung). Verantwortlich f\u00fcr den Inhalt nach \u00a7 55 Abs. 2 RStV Manuel RorariusWilhelmshavener Str. 1710551 BerlinDeutschland Haftung f\u00fcr Inhalte Als Diensteanbieter sind wir gem\u00e4\u00df \u00a7 7 Abs.&hellip;","_links":{"self":[{"href":"https:\/\/forrealz.de\/de\/wp-json\/wp\/v2\/pages\/285","targetHints":{"allow":["GET"]}}],"collection":[{"href":"https:\/\/forrealz.de\/de\/wp-json\/wp\/v2\/pages"}],"about":[{"href":"https:\/\/forrealz.de\/de\/wp-json\/wp\/v2\/types\/page"}],"author":[{"embeddable":true,"href":"https:\/\/forrealz.de\/de\/wp-json\/wp\/v2\/users\/1"}],"replies":[{"embeddable":true,"href":"https:\/\/forrealz.de\/de\/wp-json\/wp\/v2\/comments?post=285"}],"version-history":[{"count":8,"href":"https:\/\/forrealz.de\/de\/wp-json\/wp\/v2\/pages\/285\/revisions"}],"predecessor-version":[{"id":316,"href":"https:\/\/forrealz.de\/de\/wp-json\/wp\/v2\/pages\/285\/revisions\/316"}],"wp:attachment":[{"href":"https:\/\/forrealz.de\/de\/wp-json\/wp\/v2\/media?parent=285"}],"curies":[{"name":"wp","href":"https:\/\/api.w.org\/{rel}","templated":true}]}}